{"id":3447,"date":"2025-03-25T16:15:12","date_gmt":"2025-03-25T20:15:12","guid":{"rendered":"https:\/\/websterwheels.com\/?page_id=3447"},"modified":"2025-07-24T13:43:51","modified_gmt":"2025-07-24T17:43:51","slug":"nosotros","status":"publish","type":"page","link":"https:\/\/websterwheels.com\/es\/nosotros\/","title":{"rendered":"Nosotros"},"content":{"rendered":"\r\n<h2 class=\"wp-block-heading\">Sobre <strong>WebsterWheels.com<\/strong><\/h2>\r\n\r\n\r\n\r\n<p>Somos un minorista de neum\u00e1ticos y ruedas ubicado en el Bronx.<\/p>\r\n\r\n\r\n\r\n<p>Disponemos de una amplia variedad de llantas y rines para cualquier veh\u00edculo. Contamos con m\u00e1s de 30 a\u00f1os de experiencia en el mercado de llantas y rines en la ciudad de Nueva York. Adem\u00e1s, contamos con el almac\u00e9n de llantas y rines m\u00e1s grande del Bronx y contamos con el mejor personal y la mejor calidad.<\/p>\r\n\r\n\r\n\r\n<p>WebsterWheels.com es operado por <strong>Webster Tire and Wheel Inc.<\/strong><\/p>\r\n\r\n\r\n\r\n<p>Webster Tire and Wheel Inc,<br>1325 Webster Ave,<br>Bronx, NY 10456<br>Tel.: 718-569-9046 Office &#8211;  718-681-2323 (WhatsApp)<br>E-mail: hello@websterwheels.com<br><\/p>\r\n\r\n\r\n\r\n<p><strong>Horario de la tienda comercial<\/strong><br><strong>Lunes &#8211; S\u00e1bado<\/strong><br>10:00am &#8211; 7:00pm<br><strong>Domingos<\/strong><br>Cerrado<br><\/p>\r\n\r\n\r\n\r\n<p><strong>Horario de atenci\u00f3n por internet<\/strong><br><strong>Lunes &#8211; Jueves<\/strong><br>10:00am &#8211; 7:00pm<br><strong>Viernes <\/strong><br>10:00am &#8211; 4:00pm<br><strong>S\u00e1bado &#8211;<\/strong> <strong>Domingo<\/strong><br>Cerrado<br><\/p>\r\n\r\n\r\n\r\n<p>\u00daltima actualizaci\u00f3n 4\/24\/2025<\/p>\r\n\r\n\r\n\r\n<p><\/p>\r\n","protected":false},"excerpt":{"rendered":"<p>Sobre WebsterWheels.com Somos un minorista de neum\u00e1ticos y ruedas ubicado en el Bronx. Disponemos de una amplia variedad de llantas y rines para cualquier veh\u00edculo. Contamos con m\u00e1s de 30 a\u00f1os de experiencia en el mercado de llantas y rines en la ciudad de Nueva York. Adem\u00e1s, contamos con el almac\u00e9n de llantas y rines [&hellip;]<\/p>\n","protected":false},"author":1,"featured_media":0,"parent":0,"menu_order":0,"comment_status":"closed","ping_status":"closed","template":"","meta":{"_acf_changed":false,"footnotes":""},"class_list":["post-3447","page","type-page","status-publish","hentry"],"acf":[],"aioseo_notices":[],"jetpack_sharing_enabled":true,"_links":{"self":[{"href":"https:\/\/websterwheels.com\/es\/wp-json\/wp\/v2\/pages\/3447","targetHints":{"allow":["GET"]}}],"collection":[{"href":"https:\/\/websterwheels.com\/es\/wp-json\/wp\/v2\/pages"}],"about":[{"href":"https:\/\/websterwheels.com\/es\/wp-json\/wp\/v2\/types\/page"}],"author":[{"embeddable":true,"href":"https:\/\/websterwheels.com\/es\/wp-json\/wp\/v2\/users\/1"}],"replies":[{"embeddable":true,"href":"https:\/\/websterwheels.com\/es\/wp-json\/wp\/v2\/comments?post=3447"}],"version-history":[{"count":4,"href":"https:\/\/websterwheels.com\/es\/wp-json\/wp\/v2\/pages\/3447\/revisions"}],"predecessor-version":[{"id":3466,"href":"https:\/\/websterwheels.com\/es\/wp-json\/wp\/v2\/pages\/3447\/revisions\/3466"}],"wp:attachment":[{"href":"https:\/\/websterwheels.com\/es\/wp-json\/wp\/v2\/media?parent=3447"}],"curies":[{"name":"wp","href":"https:\/\/api.w.org\/{rel}","templated":true}]}}